{"id":847,"date":"2022-06-29T19:36:08","date_gmt":"2022-06-29T17:36:08","guid":{"rendered":"https:\/\/incoronatapompa.com\/privacy-policy\/"},"modified":"2024-02-23T17:14:28","modified_gmt":"2024-02-23T16:14:28","slug":"privacy-policy","status":"publish","type":"page","link":"https:\/\/www.incoronatapompa.com\/fr\/privacy-policy\/","title":{"rendered":"Privacy Policy"},"content":{"rendered":"<p>Cette politique de confidentialit\u00e9 d\u00e9crit le type de donn\u00e9es personnelles que nous recueillons, quand et pourquoi nous les collectons, comment nous les utilisons, les conditions limit\u00e9es dans lesquelles nous pouvons les divulguer \u00e0 des tiers et comment nous les gardons en s\u00e9curit\u00e9.<\/p>\n<p>Cet avis est publi\u00e9 conform\u00e9ment aux articles 13 et 14 du R\u00e8glement Europ\u00e9en 2016\/679 (RGPD). Sauf indication contraire, cette politique de confidentialit\u00e9 s\u2019applique uniquement au site Web www.incoronatapompa.com.<\/p>\n<p><strong>Titulaire du traitement des Donn\u00e9es<\/strong><\/p>\n<p>Le responsable du traitement des donn\u00e9es personnelles \u00e9ventuellement trait\u00e9es \u00e0 la suite de la consultation du site est Incoronata Pompa.<\/p>\n<p>Vous pouvez me contacter par e-mail \u00e0 trad@incoronatapompa.com<\/p>\n<p><strong>Donn\u00e9es fournies volontairement par l\u2019utilisateur <\/strong><\/p>\n<p>L\u2019envoi facultatif et volontaire de courrier \u00e9lectronique \u00e0 l\u2019adresse e-mail de ce site implique l\u2019acquisition ult\u00e9rieure de l\u2019adresse e-mail de l\u2019exp\u00e9diteur n\u00e9cessaire pour r\u00e9pondre aux demandes et des \u00e9ventuelles donn\u00e9es personnelles, par exemple pr\u00e9nom, nom, donn\u00e9es de facturation (adresse, num\u00e9ro fiscal et num\u00e9ro de TVA).<\/p>\n<p>Les donn\u00e9es fournies, c\u2019est-\u00e0-dire le nom et l\u2019adresse e-mail de l\u2019utilisateur, sont collect\u00e9es respectivement dans la bo\u00eete e-mail du Titulaire du traitement et dans la base de donn\u00e9es de ce site et sont n\u00e9cessaires pour r\u00e9pondre \u00e0 la demande de contact.<\/p>\n<p><strong>Finalit\u00e9s du traitement des donn\u00e9es<\/strong><\/p>\n<p>Les donn\u00e9es personnelles fournies par l\u2019utilisateur qui fait des demandes de service sont utilis\u00e9es pour ex\u00e9cuter le service ou la prestation demand\u00e9e (envoi de devis, traduction, r\u00e9vision, facturation).<\/p>\n<p>Ces donn\u00e9es ne sont pas communiqu\u00e9es \u00e0 des tiers, sauf si la communication est impos\u00e9e par des obligations l\u00e9gales ou strictement n\u00e9cessaire pour l\u2019ex\u00e9cution des demandes (par exemple, l\u2019envoi des factures au comptable).<\/p>\n<p><strong>M\u00e9thodes de traitement des donn\u00e9es<\/strong><\/p>\n<p>Les donn\u00e9es personnelles sont trait\u00e9es sur support papier et\/ou par des moyens automatis\u00e9s pendant la dur\u00e9e n\u00e9cessaire pour atteindre les finalit\u00e9s pour lesquelles elles ont \u00e9t\u00e9 collect\u00e9es.<\/p>\n<p>Des mesures de s\u00e9curit\u00e9 sp\u00e9cifiques sont appliqu\u00e9es pour emp\u00eacher la perte de donn\u00e9es, l\u2019utilisation ill\u00e9gale ou incorrecte et l\u2019acc\u00e8s non autoris\u00e9.<\/p>\n<p><strong>Google Analytics <\/strong><\/p>\n<p>Lorsque quelqu&rsquo;un visite www.incoronatapompa.com, nous utilisons un service tiers, Google Analytics, pour collecter des informations sur les connexions internet et les comportements de navigation pour analyser la fr\u00e9quentation du site. Nous le faisons pour d\u00e9terminer, par exemple, le nombre de visiteurs des diff\u00e9rentes parties du site Web.<\/p>\n<p><strong>Google Tag Manager<\/strong><\/p>\n<p>Google Tag Manager est un syst\u00e8me de gestion des tags fourni par Google Ireland Limited. Nous utilisons Google Tag Limited dans le but d&rsquo;am\u00e9liorer constamment l&rsquo;exp\u00e9rience de l&rsquo;utilisateur sur notre site. Google Tag Manager nous permet de suivre le comportement des utilisateurs et d&rsquo;envoyer des donn\u00e9es \u00e0 notre compte Google Analytics.<\/p>\n<p><strong>Protection anti-spam<\/strong><\/p>\n<p>Ce site utilise le service ReCaptcha v3 de Google. Ce captcha sert \u00e0 rendre le site plus s\u00fbr et \u00e0 limiter les spams et les bots.<\/p>\n<p><strong>Droits de l\u2019utilisateur<\/strong><\/p>\n<p>L\u2019utilisateur peut \u00e0 tout moment faire valoir ses droits en contactant le titulaire du traitement des donn\u00e9es \u00e0 l\u2019adresse e-mail indiqu\u00e9e ci-dessus.<\/p>\n<p>L&rsquo;utilisateur a le droit :<\/p>\n<ul>\n<li>d&rsquo;obtenir la confirmation de l&rsquo;existence ou non de donn\u00e9es personnelles le concernant\u00a0;<\/li>\n<li>de demander la mise \u00e0 jour, la rectification, l&rsquo;int\u00e9gration et l&rsquo;effacement des donn\u00e9es trait\u00e9es en violation de la loi, ainsi que de s&rsquo;opposer dans tous les cas, pour des raisons l\u00e9gitimes, \u00e0 leur traitement.<\/li>\n<\/ul>\n<p>Cette politique de confidentialit\u00e9 sera r\u00e9vis\u00e9e au besoin.<\/p>\n<p>Derni\u00e8re mise \u00e0 jour : f\u00e9vrier 2024<\/p>\n","protected":false},"excerpt":{"rendered":"<p>Cette politique de confidentialit\u00e9 d\u00e9crit le type de donn\u00e9es personnelles que nous recueillons, quand et pourquoi nous les collectons, comment nous les utilisons, les conditions limit\u00e9es dans lesquelles nous pouvons les divulguer \u00e0 des tiers et comment nous les gardons en s\u00e9curit\u00e9. Cet avis est publi\u00e9 conform\u00e9ment aux articles 13 et 14 du R\u00e8glement Europ\u00e9en [&hellip;]<\/p>\n","protected":false},"author":1,"featured_media":0,"parent":0,"menu_order":0,"comment_status":"closed","ping_status":"open","template":"","meta":{"footnotes":""},"categories":[],"class_list":["post-847","page","type-page","status-publish","hentry"],"acf":[],"_links":{"self":[{"href":"https:\/\/www.incoronatapompa.com\/fr\/wp-json\/wp\/v2\/pages\/847","targetHints":{"allow":["GET"]}}],"collection":[{"href":"https:\/\/www.incoronatapompa.com\/fr\/wp-json\/wp\/v2\/pages"}],"about":[{"href":"https:\/\/www.incoronatapompa.com\/fr\/wp-json\/wp\/v2\/types\/page"}],"author":[{"embeddable":true,"href":"https:\/\/www.incoronatapompa.com\/fr\/wp-json\/wp\/v2\/users\/1"}],"replies":[{"embeddable":true,"href":"https:\/\/www.incoronatapompa.com\/fr\/wp-json\/wp\/v2\/comments?post=847"}],"version-history":[{"count":6,"href":"https:\/\/www.incoronatapompa.com\/fr\/wp-json\/wp\/v2\/pages\/847\/revisions"}],"predecessor-version":[{"id":992,"href":"https:\/\/www.incoronatapompa.com\/fr\/wp-json\/wp\/v2\/pages\/847\/revisions\/992"}],"wp:attachment":[{"href":"https:\/\/www.incoronatapompa.com\/fr\/wp-json\/wp\/v2\/media?parent=847"}],"wp:term":[{"taxonomy":"category","embeddable":true,"href":"https:\/\/www.incoronatapompa.com\/fr\/wp-json\/wp\/v2\/categories?post=847"}],"curies":[{"name":"wp","href":"https:\/\/api.w.org\/{rel}","templated":true}]}}