{"id":848,"date":"2022-06-29T19:36:08","date_gmt":"2022-06-29T17:36:08","guid":{"rendered":"https:\/\/incoronatapompa.com\/privacy-policy\/"},"modified":"2024-02-23T17:18:36","modified_gmt":"2024-02-23T16:18:36","slug":"privacy-policy","status":"publish","type":"page","link":"https:\/\/www.incoronatapompa.com\/de\/privacy-policy\/","title":{"rendered":"Privacy Policy"},"content":{"rendered":"<p>In dieser Datenschutzerkl\u00e4rung wird erl\u00e4utert, welche Art von personenbezogenen Daten wir wann und\u00a0 warum sammeln, wie wir sie verwenden, unter welchen begrenzten Bedingungen wir sie an Dritte weitergeben k\u00f6nnen und wie wir sie sicher aufbewahren.<\/p>\n<p>Diese Informationen werden gem\u00e4\u00df Artikel 13 und 14 der Europ\u00e4ischen Verordnung 2016\/679 (DSGVO) bereitgestellt. Sofern nicht anders angegeben, bezieht sich diese Datenschutzrichtlinie ausschlie\u00dflich auf die Website www.incoronatapompa.com.<\/p>\n<p><strong>Datenverantwortlicher<\/strong><\/p>\n<p>Der Datenverantwortliche f\u00fcr die personenbezogenen Daten, die nach dem Besuch der Website verarbeitet werden, ist Incoronata Pompa.<\/p>\n<p>Sie erreichen mich per Mail unter trad@incoronatapompa.com<\/p>\n<p><strong>Vom Benutzer freiwillig zur Verf\u00fcgung gestellte Daten<\/strong><\/p>\n<p>Die fakultative und freiwillige Zusendung von E-Mails an die E-Mail-Adresse auf dieser Website f\u00fchrt zur Erfassung der E-Mail-Adresse des Absenders, die f\u00fcr die Beantwortung von Anfragen erforderlich ist, sowie von personenbezogenen Daten, z. B. Name, Vorname, Rechnungsdaten (Adresse, Steuernummer und Umsatzsteueridentifikationsnummer).<\/p>\n<p>Die zur Verf\u00fcgung gestellten Daten, d. h. der Name und die E-Mail-Adresse des Nutzers, werden in der Mailbox des f\u00fcr die Verarbeitung Verantwortlichen bzw. in der Datenbank dieser Website gespeichert und sind erforderlich, um auf die Kontaktanfrage zu antworten.<\/p>\n<p><strong>Zweck der Datenverarbeitung<\/strong><\/p>\n<p>Die personenbezogenen Daten des Benutzers, der Serviceanfragen stellt, werden verwendet, um die angeforderte Dienstleistung oder Bereitstellung zu erbringen (Zusendung eines Kostenvoranschlags, \u00dcbersetzung, \u00dcberarbeitung, Rechnungsstellung).<\/p>\n<p>Diese Daten werden nicht an Dritte weitergegeben, es sei denn, die Weitergabe ist gesetzlich vorgeschrieben oder f\u00fcr die Erf\u00fcllung von Anfragen unbedingt erforderlich (z. B. Versand von Rechnungen an den Steuerberater).<\/p>\n<p><strong>Methoden der Datenverarbeitung<\/strong><\/p>\n<p>Personenbezogene Daten werden in Papierform und\/oder mit automatisierten Tools f\u00fcr die Zeit verarbeitet, die zur Erreichung der Zwecke, f\u00fcr die sie erhoben wurden, erforderlich ist.<\/p>\n<p>Es werden besondere Sicherheitsma\u00dfnahmen ergriffen, um Datenverlust, unrechtm\u00e4\u00dfige oder falsche Verwendung und unbefugten Zugriff zu verhindern.<\/p>\n<p><strong>Google Analytics<\/strong><\/p>\n<p>Wenn jemand www.incoronatapompa.com besucht, verwenden wir einen Drittanbieterdienst, Google Analytics, um Standard-Internetprotokolldaten und Einzelheiten \u00fcber das Besucherverhalten zu sammeln. Auf diese Weise k\u00f6nnen wir zum Beispiel die Anzahl der Besucher in verschiedenen Bereichen der Website ermitteln.<\/p>\n<p><strong>Google Tag Manager<\/strong><\/p>\n<p>Google Tag Manager ist ein Tag-Management-System, das von Google Ireland Limited bereitgestellt wird. Wir verwenden Google Tag Manager in der Absicht, die Nutzererfahrung auf unserer Website st\u00e4ndig zu verbessern. Google Tag Manager hilft uns, das Nutzerverhalten zu verfolgen und sendet Daten an unser Google Analytics-Account.<\/p>\n<p><strong>Spam-Schutz<\/strong><\/p>\n<p>Diese Website nutzt den Dienst ReCaptcha v3 von Google. Dieses Captcha dient dazu, die Website sicherer zu machen und Spam und Bots zu begrenzen.<\/p>\n<p><strong>Nutzerrechte<\/strong><\/p>\n<p>Der Nutzer kann seine Rechte jederzeit geltend machen, indem er sich unter der oben angegebenen E-Mail-Adresse an den Datenverantwortlichen wendet.<\/p>\n<p>Der Nutzer hat das Recht:<\/p>\n<ul>\n<li>eine Best\u00e4tigung \u00fcber das Vorhandensein oder Nichtvorhandensein von ihn betreffenden personenbezogenen Daten zu erhalten;<\/li>\n<li>die Aktualisierung, Berichtigung, Integration und L\u00f6schung rechtswidrig verarbeiteter Daten zu verlangen und sich in jedem Fall aus legitimen Gr\u00fcnden ihrer Behandlung zu widersetzen.<\/li>\n<\/ul>\n<p>Diese Datenschutzerkl\u00e4rung wird bei Bedarf \u00fcberarbeitet.<\/p>\n<p>Letzte \u00c4nderung: Februar 2024<\/p>\n","protected":false},"excerpt":{"rendered":"<p>In dieser Datenschutzerkl\u00e4rung wird erl\u00e4utert, welche Art von personenbezogenen Daten wir wann und\u00a0 warum sammeln, wie wir sie verwenden, unter welchen begrenzten Bedingungen wir sie an Dritte weitergeben k\u00f6nnen und wie wir sie sicher aufbewahren. Diese Informationen werden gem\u00e4\u00df Artikel 13 und 14 der Europ\u00e4ischen Verordnung 2016\/679 (DSGVO) bereitgestellt. Sofern nicht anders angegeben, bezieht sich [&hellip;]<\/p>\n","protected":false},"author":1,"featured_media":0,"parent":0,"menu_order":0,"comment_status":"closed","ping_status":"open","template":"","meta":{"footnotes":""},"categories":[],"class_list":["post-848","page","type-page","status-publish","hentry"],"acf":[],"_links":{"self":[{"href":"https:\/\/www.incoronatapompa.com\/de\/wp-json\/wp\/v2\/pages\/848","targetHints":{"allow":["GET"]}}],"collection":[{"href":"https:\/\/www.incoronatapompa.com\/de\/wp-json\/wp\/v2\/pages"}],"about":[{"href":"https:\/\/www.incoronatapompa.com\/de\/wp-json\/wp\/v2\/types\/page"}],"author":[{"embeddable":true,"href":"https:\/\/www.incoronatapompa.com\/de\/wp-json\/wp\/v2\/users\/1"}],"replies":[{"embeddable":true,"href":"https:\/\/www.incoronatapompa.com\/de\/wp-json\/wp\/v2\/comments?post=848"}],"version-history":[{"count":9,"href":"https:\/\/www.incoronatapompa.com\/de\/wp-json\/wp\/v2\/pages\/848\/revisions"}],"predecessor-version":[{"id":993,"href":"https:\/\/www.incoronatapompa.com\/de\/wp-json\/wp\/v2\/pages\/848\/revisions\/993"}],"wp:attachment":[{"href":"https:\/\/www.incoronatapompa.com\/de\/wp-json\/wp\/v2\/media?parent=848"}],"wp:term":[{"taxonomy":"category","embeddable":true,"href":"https:\/\/www.incoronatapompa.com\/de\/wp-json\/wp\/v2\/categories?post=848"}],"curies":[{"name":"wp","href":"https:\/\/api.w.org\/{rel}","templated":true}]}}